{"id":229,"date":"2026-01-09T18:53:58","date_gmt":"2026-01-09T18:53:58","guid":{"rendered":"https:\/\/bionbax.com\/?page_id=229"},"modified":"2026-01-15T18:15:36","modified_gmt":"2026-01-15T18:15:36","slug":"productos","status":"publish","type":"page","link":"https:\/\/bionbax.com\/en\/productos\/","title":{"rendered":"Products"},"content":{"rendered":"<p>[et_pb_section fb_built=&#8221;1&#8243; _builder_version=&#8221;4.27.5&#8243; _module_preset=&#8221;default&#8221; background_image=&#8221;https:\/\/bionbax.com\/wp-content\/uploads\/2024\/05\/DJI_0099-copia-scaled.jpg&#8221; custom_padding=&#8221;170px||170px||true|&#8221; global_colors_info=&#8221;{}&#8221;][\/et_pb_section][et_pb_section fb_built=&#8221;1&#8243; _builder_version=&#8221;4.27.5&#8243; _module_preset=&#8221;default&#8221; custom_padding=&#8221;42px||68px|||&#8221; global_colors_info=&#8221;{}&#8221;][et_pb_row _builder_version=&#8221;4.27.5&#8243; _module_preset=&#8221;default&#8221; global_colors_info=&#8221;{}&#8221;][et_pb_column type=&#8221;4_4&#8243; _builder_version=&#8221;4.27.5&#8243; _module_preset=&#8221;default&#8221; global_colors_info=&#8221;{}&#8221;][et_pb_text _builder_version=&#8221;4.27.5&#8243; _module_preset=&#8221;default&#8221; text_font=&#8221;||||||||&#8221; header_font=&#8221;||||||||&#8221; header_2_font=&#8221;|||on|||||&#8221; header_2_text_align=&#8221;center&#8221; header_2_font_size=&#8221;50px&#8221; header_2_line_height=&#8221;1.3em&#8221; custom_margin=&#8221;||5px||false|false&#8221; custom_padding=&#8221;||0px||false|false&#8221; animation_direction=&#8221;left&#8221; hover_enabled=&#8221;0&#8243; header_2_font_size_tablet=&#8221;40px&#8221; header_2_font_size_phone=&#8221;30px&#8221; header_2_font_size_last_edited=&#8221;on|phone&#8221; global_colors_info=&#8221;{}&#8221; sticky_enabled=&#8221;0&#8243;]<\/p>\n<h2>Products<\/h2>\n<p>[\/et_pb_text][et_pb_text _builder_version=&#8221;4.27.5&#8243; _module_preset=&#8221;default&#8221; text_font=&#8221;||||||||&#8221; text_text_color=&#8221;#000000&#8243; text_font_size=&#8221;19px&#8221; text_line_height=&#8221;1.6em&#8221; header_font=&#8221;||||||||&#8221; header_2_font=&#8221;||||||||&#8221; text_orientation=&#8221;center&#8221; animation_direction=&#8221;left&#8221; hover_enabled=&#8221;0&#8243; text_font_size_tablet=&#8221;19px&#8221; text_font_size_phone=&#8221;17px&#8221; text_font_size_last_edited=&#8221;on|phone&#8221; text_line_height_tablet=&#8221;2.2em&#8221; text_line_height_phone=&#8221;1.9em&#8221; text_line_height_last_edited=&#8221;on|phone&#8221; global_colors_info=&#8221;{}&#8221; sticky_enabled=&#8221;0&#8243;]<\/p>\n<p>Biodegradable components for a responsible transition<\/p>\n<p>[\/et_pb_text][\/et_pb_column][\/et_pb_row][et_pb_row column_structure=&#8221;1_2,1_2&#8243; _builder_version=&#8221;4.27.5&#8243; _module_preset=&#8221;default&#8221; custom_margin=&#8221;|auto|28px|auto||&#8221; custom_padding=&#8221;0px||2px|||&#8221; locked=&#8221;off&#8221; global_colors_info=&#8221;{}&#8221;][et_pb_column type=&#8221;1_2&#8243; _builder_version=&#8221;4.27.5&#8243; _dynamic_attributes=&#8221;link_option_url&#8221; _module_preset=&#8221;default&#8221; use_background_color_gradient=&#8221;on&#8221; background_color_gradient_direction=&#8221;1deg&#8221; background_color_gradient_stops=&#8221;rgba(0,0,0,0.79) 0%|rgba(0,0,0,0.39) 99%&#8221; background_color_gradient_overlays_image=&#8221;on&#8221; background_image=&#8221;https:\/\/bionbax.com\/wp-content\/uploads\/2026\/01\/Baxapure.jpg&#8221; custom_padding=&#8221;80px||80px||true|false&#8221; link_option_url=&#8221;@ET-DC@eyJkeW5hbWljIjp0cnVlLCJjb250ZW50IjoicG9zdF9saW5rX3VybF9wYWdlIiwic2V0dGluZ3MiOnsicG9zdF9pZCI6IjIzNSJ9fQ==@&#8221; border_radii=&#8221;on|20px|20px|20px|20px&#8221; global_colors_info=&#8221;{}&#8221;][et_pb_image src=&#8221;https:\/\/bionbax.com\/wp-content\/uploads\/2026\/01\/Logos_productos_Bionbax_2025_BAXAPURE-blanco.webp&#8221; title_text=&#8221;Logos_productos_Bionbax_2025_BAXAPURE blanco&#8221; _builder_version=&#8221;4.27.5&#8243; _module_preset=&#8221;default&#8221; width=&#8221;60%&#8221; module_alignment=&#8221;center&#8221; custom_margin=&#8221;||6px|||&#8221; custom_padding=&#8221;||2px|||&#8221; global_colors_info=&#8221;{}&#8221;][\/et_pb_image][et_pb_text _builder_version=&#8221;4.27.5&#8243; _module_preset=&#8221;default&#8221; text_font=&#8221;|700||on|||||&#8221; text_text_color=&#8221;#FFFFFF&#8221; text_font_size=&#8221;20px&#8221; text_orientation=&#8221;center&#8221; global_colors_info=&#8221;{}&#8221;]<\/p>\n<p>CAS 26063-00-3<\/p>\n<p>[\/et_pb_text][\/et_pb_column][et_pb_column type=&#8221;1_2&#8243; _builder_version=&#8221;4.27.5&#8243; _dynamic_attributes=&#8221;link_option_url&#8221; _module_preset=&#8221;default&#8221; use_background_color_gradient=&#8221;on&#8221; background_color_gradient_direction=&#8221;1deg&#8221; background_color_gradient_stops=&#8221;rgba(0,0,0,0.79) 0%|rgba(0,0,0,0.39) 99%&#8221; background_color_gradient_overlays_image=&#8221;on&#8221; background_image=&#8221;https:\/\/bionbax.com\/wp-content\/uploads\/2024\/05\/14.jpeg&#8221; custom_padding=&#8221;80px||80px||true|false&#8221; link_option_url=&#8221;@ET-DC@eyJkeW5hbWljIjp0cnVlLCJjb250ZW50IjoicG9zdF9saW5rX3VybF9wYWdlIiwic2V0dGluZ3MiOnsicG9zdF9pZCI6IjMzOSJ9fQ==@&#8221; border_radii=&#8221;on|20px|20px|20px|20px&#8221; global_colors_info=&#8221;{}&#8221;][et_pb_image src=&#8221;https:\/\/bionbax.com\/wp-content\/uploads\/2026\/01\/Logos_productos_Bionbax_2025_BAXAFLEX-blanco.webp&#8221; title_text=&#8221;Logos_productos_Bionbax_2025_BAXAFLEX blanco&#8221; _builder_version=&#8221;4.27.5&#8243; _module_preset=&#8221;default&#8221; width=&#8221;60%&#8221; module_alignment=&#8221;center&#8221; custom_margin=&#8221;||6px|||&#8221; custom_padding=&#8221;||2px|||&#8221; global_colors_info=&#8221;{}&#8221;][\/et_pb_image][et_pb_text _builder_version=&#8221;4.27.5&#8243; _module_preset=&#8221;default&#8221; text_font=&#8221;|700||on|||||&#8221; text_text_color=&#8221;#FFFFFF&#8221; text_font_size=&#8221;20px&#8221; text_orientation=&#8221;center&#8221; global_colors_info=&#8221;{}&#8221;]<\/p>\n<p>Soon<\/p>\n<p>[\/et_pb_text][\/et_pb_column][\/et_pb_row][et_pb_row column_structure=&#8221;1_2,1_2&#8243; _builder_version=&#8221;4.27.5&#8243; _module_preset=&#8221;default&#8221; custom_margin=&#8221;|auto|28px|auto||&#8221; custom_padding=&#8221;0px||2px|||&#8221; locked=&#8221;off&#8221; global_colors_info=&#8221;{}&#8221;][et_pb_column type=&#8221;1_2&#8243; _builder_version=&#8221;4.27.5&#8243; _dynamic_attributes=&#8221;link_option_url&#8221; _module_preset=&#8221;default&#8221; use_background_color_gradient=&#8221;on&#8221; background_color_gradient_direction=&#8221;1deg&#8221; background_color_gradient_stops=&#8221;rgba(0,0,0,0.79) 0%|rgba(0,0,0,0.39) 99%&#8221; background_color_gradient_overlays_image=&#8221;on&#8221; background_image=&#8221;https:\/\/bionbax.com\/wp-content\/uploads\/2024\/05\/14.jpeg&#8221; custom_padding=&#8221;80px||80px||true|false&#8221; link_option_url=&#8221;@ET-DC@eyJkeW5hbWljIjp0cnVlLCJjb250ZW50IjoicG9zdF9saW5rX3VybF9wYWdlIiwic2V0dGluZ3MiOnsicG9zdF9pZCI6IjM0MCJ9fQ==@&#8221; border_radii=&#8221;on|20px|20px|20px|20px&#8221; global_colors_info=&#8221;{}&#8221;][et_pb_image src=&#8221;https:\/\/bionbax.com\/wp-content\/uploads\/2026\/01\/Logos_productos_Bionbax_2025_BAXACORE-blanco.webp&#8221; title_text=&#8221;Logos_productos_Bionbax_2025_BAXACORE blanco&#8221; _builder_version=&#8221;4.27.5&#8243; _module_preset=&#8221;default&#8221; width=&#8221;60%&#8221; module_alignment=&#8221;center&#8221; custom_margin=&#8221;||6px|||&#8221; custom_padding=&#8221;||2px|||&#8221; global_colors_info=&#8221;{}&#8221;][\/et_pb_image][et_pb_text _builder_version=&#8221;4.27.5&#8243; _module_preset=&#8221;default&#8221; text_font=&#8221;|700||on|||||&#8221; text_text_color=&#8221;#FFFFFF&#8221; text_font_size=&#8221;20px&#8221; text_orientation=&#8221;center&#8221; global_colors_info=&#8221;{}&#8221;]<\/p>\n<p>Soon<\/p>\n<p>[\/et_pb_text][\/et_pb_column][et_pb_column type=&#8221;1_2&#8243; _builder_version=&#8221;4.27.5&#8243; _dynamic_attributes=&#8221;link_option_url&#8221; _module_preset=&#8221;default&#8221; use_background_color_gradient=&#8221;on&#8221; background_color_gradient_direction=&#8221;1deg&#8221; background_color_gradient_stops=&#8221;rgba(0,0,0,0.79) 0%|rgba(0,0,0,0.39) 99%&#8221; background_color_gradient_overlays_image=&#8221;on&#8221; background_image=&#8221;https:\/\/bionbax.com\/wp-content\/uploads\/2024\/05\/14.jpeg&#8221; custom_padding=&#8221;84px||84px||true|false&#8221; link_option_url=&#8221;@ET-DC@eyJkeW5hbWljIjp0cnVlLCJjb250ZW50IjoicG9zdF9saW5rX3VybF9wYWdlIiwic2V0dGluZ3MiOnsicG9zdF9pZCI6IjM0MSJ9fQ==@&#8221; border_radii=&#8221;on|20px|20px|20px|20px&#8221; global_colors_info=&#8221;{}&#8221;][et_pb_image src=&#8221;https:\/\/bionbax.com\/wp-content\/uploads\/2026\/01\/Logos_productos_Bionbax_2025_BAXABLEND-blanco.webp&#8221; title_text=&#8221;Logos_productos_Bionbax_2025_BAXABLEND blanco&#8221; _builder_version=&#8221;4.27.5&#8243; _module_preset=&#8221;default&#8221; width=&#8221;60%&#8221; module_alignment=&#8221;center&#8221; custom_margin=&#8221;||6px|||&#8221; custom_padding=&#8221;||2px|||&#8221; global_colors_info=&#8221;{}&#8221;][\/et_pb_image][et_pb_text _builder_version=&#8221;4.27.5&#8243; _module_preset=&#8221;default&#8221; text_font=&#8221;|700||on|||||&#8221; text_text_color=&#8221;#FFFFFF&#8221; text_font_size=&#8221;20px&#8221; text_orientation=&#8221;center&#8221; global_colors_info=&#8221;{}&#8221;]<\/p>\n<p>Soon<\/p>\n<p>[\/et_pb_text][\/et_pb_column][\/et_pb_row][et_pb_row column_structure=&#8221;1_2,1_2&#8243; _builder_version=&#8221;4.27.5&#8243; _module_preset=&#8221;default&#8221; custom_margin=&#8221;|auto|28px|auto||&#8221; custom_padding=&#8221;0px||2px|||&#8221; locked=&#8221;off&#8221; global_colors_info=&#8221;{}&#8221;][et_pb_column type=&#8221;1_2&#8243; _builder_version=&#8221;4.27.5&#8243; _dynamic_attributes=&#8221;link_option_url&#8221; _module_preset=&#8221;default&#8221; use_background_color_gradient=&#8221;on&#8221; background_color_gradient_direction=&#8221;1deg&#8221; background_color_gradient_stops=&#8221;rgba(0,0,0,0.79) 0%|rgba(0,0,0,0.39) 99%&#8221; background_color_gradient_overlays_image=&#8221;on&#8221; background_image=&#8221;https:\/\/bionbax.com\/wp-content\/uploads\/2024\/05\/14.jpeg&#8221; custom_padding=&#8221;80px||80px||true|false&#8221; link_option_url=&#8221;@ET-DC@eyJkeW5hbWljIjp0cnVlLCJjb250ZW50IjoicG9zdF9saW5rX3VybF9wYWdlIiwic2V0dGluZ3MiOnsicG9zdF9pZCI6IjM0MiJ9fQ==@&#8221; border_radii=&#8221;on|20px|20px|20px|20px&#8221; global_colors_info=&#8221;{}&#8221;][et_pb_image src=&#8221;https:\/\/bionbax.com\/wp-content\/uploads\/2026\/01\/Logos_productos_Bionbax_2025_BAXAFORM-blanco.webp&#8221; title_text=&#8221;Logos_productos_Bionbax_2025_BAXAFORM blanco&#8221; _builder_version=&#8221;4.27.5&#8243; _module_preset=&#8221;default&#8221; width=&#8221;60%&#8221; module_alignment=&#8221;center&#8221; custom_margin=&#8221;||6px|||&#8221; custom_padding=&#8221;||2px|||&#8221; global_colors_info=&#8221;{}&#8221;][\/et_pb_image][et_pb_text _builder_version=&#8221;4.27.5&#8243; _module_preset=&#8221;default&#8221; text_font=&#8221;|700||on|||||&#8221; text_text_color=&#8221;#FFFFFF&#8221; text_font_size=&#8221;20px&#8221; text_orientation=&#8221;center&#8221; global_colors_info=&#8221;{}&#8221;]<\/p>\n<p>Soon<\/p>\n<p>[\/et_pb_text][\/et_pb_column][et_pb_column type=&#8221;1_2&#8243; _builder_version=&#8221;4.27.5&#8243; _module_preset=&#8221;default&#8221; global_colors_info=&#8221;{}&#8221;][\/et_pb_column][\/et_pb_row][\/et_pb_section][et_pb_section fb_built=&#8221;1&#8243; _builder_version=&#8221;4.27.5&#8243; _module_preset=&#8221;default&#8221; background_color=&#8221;#ededed&#8221; global_colors_info=&#8221;{}&#8221;][et_pb_row column_structure=&#8221;1_3,2_3&#8243; _builder_version=&#8221;4.27.5&#8243; _module_preset=&#8221;default&#8221; global_colors_info=&#8221;{}&#8221;][et_pb_column type=&#8221;1_3&#8243; _builder_version=&#8221;4.27.5&#8243; _module_preset=&#8221;default&#8221; global_colors_info=&#8221;{}&#8221;][et_pb_image src=&#8221;https:\/\/bionbax.com\/wp-content\/uploads\/2026\/01\/Produccion-Biotecnologica.webp&#8221; title_text=&#8221;Producci\u00f3n Biotecnol\u00f3gica&#8221; align=&#8221;center&#8221; force_fullwidth=&#8221;on&#8221; _builder_version=&#8221;4.27.5&#8243; _module_preset=&#8221;default&#8221; border_radii=&#8221;on|20px|20px|20px|20px&#8221; border_width_all=&#8221;1px&#8221; global_colors_info=&#8221;{}&#8221;][\/et_pb_image][\/et_pb_column][et_pb_column type=&#8221;2_3&#8243; _builder_version=&#8221;4.27.5&#8243; _module_preset=&#8221;default&#8221; global_colors_info=&#8221;{}&#8221;][et_pb_text _builder_version=&#8221;4.27.5&#8243; _module_preset=&#8221;default&#8221; text_font=&#8221;||||||||&#8221; header_font=&#8221;||||||||&#8221; header_2_font=&#8221;|||on|||||&#8221; header_2_text_align=&#8221;left&#8221; header_2_font_size=&#8221;50px&#8221; header_2_line_height=&#8221;1.3em&#8221; header_3_font_size=&#8221;30px&#8221; custom_margin=&#8221;||5px||false|false&#8221; custom_padding=&#8221;||0px||false|false&#8221; animation_style=&#8221;slide&#8221; animation_direction=&#8221;left&#8221; animation_duration=&#8221;1400ms&#8221; animation_intensity_slide=&#8221;6%&#8221; hover_enabled=&#8221;0&#8243; header_2_font_size_tablet=&#8221;40px&#8221; header_2_font_size_phone=&#8221;40px&#8221; header_2_font_size_last_edited=&#8221;on|tablet&#8221; global_colors_info=&#8221;{}&#8221; sticky_enabled=&#8221;0&#8243;]<\/p>\n<h3>Introduction<\/h3>\n<p>[\/et_pb_text][et_pb_text _builder_version=&#8221;4.27.5&#8243; _module_preset=&#8221;default&#8221; text_font=&#8221;||||||||&#8221; text_text_color=&#8221;#000000&#8243; text_font_size=&#8221;17px&#8221; text_line_height=&#8221;1.6em&#8221; header_font=&#8221;||||||||&#8221; header_2_font=&#8221;||||||||&#8221; animation_style=&#8221;slide&#8221; animation_direction=&#8221;left&#8221; animation_duration=&#8221;1400ms&#8221; animation_delay=&#8221;100ms&#8221; animation_intensity_slide=&#8221;6%&#8221; hover_enabled=&#8221;0&#8243; text_font_size_tablet=&#8221;19px&#8221; text_font_size_phone=&#8221;17px&#8221; text_font_size_last_edited=&#8221;on|phone&#8221; text_line_height_tablet=&#8221;2.2em&#8221; text_line_height_phone=&#8221;1.9em&#8221; text_line_height_last_edited=&#8221;on|phone&#8221; global_colors_info=&#8221;{}&#8221; sticky_enabled=&#8221;0&#8243;]<\/p>\n<p>Los <strong>Biodegradable polymers<\/strong> are polymeric materials capable of being broken down or digested by enzymes in living organisms. The resulting small molecules can be absorbed by the organism and subsequently excreted. Biodegradable polymers can be either synthetic or natural and share a common characteristic: they are all fundamentally stable and durable during their application. Their main chains are composed primarily of aliphatic structural units, which are linked by ester bonds and are easily hydrolyzed.<\/p>\n<p>[\/et_pb_text][et_pb_text _builder_version=&#8221;4.27.5&#8243; _module_preset=&#8221;default&#8221; text_font=&#8221;||||||||&#8221; header_font=&#8221;||||||||&#8221; header_2_font=&#8221;|||on|||||&#8221; header_2_text_align=&#8221;left&#8221; header_2_font_size=&#8221;50px&#8221; header_2_line_height=&#8221;1.3em&#8221; header_3_font_size=&#8221;30px&#8221; custom_margin=&#8221;||5px||false|false&#8221; custom_padding=&#8221;||0px||false|false&#8221; animation_style=&#8221;slide&#8221; animation_direction=&#8221;left&#8221; animation_duration=&#8221;1400ms&#8221; animation_intensity_slide=&#8221;6%&#8221; header_2_font_size_tablet=&#8221;40px&#8221; header_2_font_size_phone=&#8221;40px&#8221; header_2_font_size_last_edited=&#8221;on|tablet&#8221; global_colors_info=&#8221;{}&#8221;]<\/p>\n<h3>Applications<\/h3>\n<p>[\/et_pb_text][et_pb_text _builder_version=&#8221;4.27.5&#8243; _module_preset=&#8221;default&#8221; text_font=&#8221;||||||||&#8221; text_text_color=&#8221;#000000&#8243; text_font_size=&#8221;17px&#8221; text_line_height=&#8221;1.6em&#8221; header_font=&#8221;||||||||&#8221; header_2_font=&#8221;||||||||&#8221; animation_style=&#8221;slide&#8221; animation_direction=&#8221;left&#8221; animation_duration=&#8221;1400ms&#8221; animation_delay=&#8221;100ms&#8221; animation_intensity_slide=&#8221;6%&#8221; hover_enabled=&#8221;0&#8243; text_font_size_tablet=&#8221;19px&#8221; text_font_size_phone=&#8221;17px&#8221; text_font_size_last_edited=&#8221;on|phone&#8221; text_line_height_tablet=&#8221;2.2em&#8221; text_line_height_phone=&#8221;1.9em&#8221; text_line_height_last_edited=&#8221;on|phone&#8221; global_colors_info=&#8221;{}&#8221; sticky_enabled=&#8221;0&#8243;]<\/p>\n<p>Capsules, packaging, cosmetics, 3D printing.<br \/>Suitable for health, biodegradable formulations and technical prototyping.<\/p>\n<p>[\/et_pb_text][\/et_pb_column][\/et_pb_row][\/et_pb_section]<\/p>","protected":false},"excerpt":{"rendered":"<p>ProductosComponentes Biodegradables para una transici\u00f3n responsableCAS 26063-00-3Pr\u00f3ximamentePr\u00f3ximamentePr\u00f3ximamentePr\u00f3ximamenteIntroducci\u00f3nLos pol\u00edmeros biodegradables son materiales polim\u00e9ricos capaces de ser degradados o digeridos por enzimas en organismos vivos; las mol\u00e9culas peque\u00f1as resultantes pueden ser absorbidas por el propio organismo y, posteriormente, excretadas. Los pol\u00edmeros biodegradables pueden ser tanto sint\u00e9ticos como naturales y comparten una caracter\u00edstica com\u00fan: todos son fundamentalmente estables [&hellip;]<\/p>","protected":false},"author":2,"featured_media":0,"parent":0,"menu_order":0,"comment_status":"closed","ping_status":"closed","template":"","meta":{"_et_pb_use_builder":"on","_et_pb_old_content":"","_et_gb_content_width":"","footnotes":""},"class_list":["post-229","page","type-page","status-publish","hentry"],"yoast_head":"<!-- This site is optimized with the Yoast SEO plugin v26.7 - https:\/\/yoast.com\/wordpress\/plugins\/seo\/ -->\n<title>Productos - BIONBAX<\/title>\n<meta name=\"robots\" content=\"index, follow, max-snippet:-1, max-image-preview:large, max-video-preview:-1\" \/>\n<link rel=\"canonical\" href=\"https:\/\/bionbax.com\/en\/productos\/\" \/>\n<meta property=\"og:locale\" content=\"en_US\" \/>\n<meta property=\"og:type\" content=\"article\" \/>\n<meta property=\"og:title\" content=\"Productos - BIONBAX\" \/>\n<meta property=\"og:description\" content=\"ProductosComponentes Biodegradables para una transici\u00f3n responsableCAS 26063-00-3Pr\u00f3ximamentePr\u00f3ximamentePr\u00f3ximamentePr\u00f3ximamenteIntroducci\u00f3nLos pol\u00edmeros biodegradables son materiales polim\u00e9ricos capaces de ser degradados o digeridos por enzimas en organismos vivos; las mol\u00e9culas peque\u00f1as resultantes pueden ser absorbidas por el propio organismo y, posteriormente, excretadas. Los pol\u00edmeros biodegradables pueden ser tanto sint\u00e9ticos como naturales y comparten una caracter\u00edstica com\u00fan: todos son fundamentalmente estables [&hellip;]\" \/>\n<meta property=\"og:url\" content=\"https:\/\/bionbax.com\/en\/productos\/\" \/>\n<meta property=\"og:site_name\" content=\"BIONBAX\" \/>\n<meta property=\"article:publisher\" content=\"https:\/\/www.facebook.com\/bionbax\" \/>\n<meta property=\"article:modified_time\" content=\"2026-01-15T18:15:36+00:00\" \/>\n<meta property=\"og:image\" content=\"https:\/\/bionbax.com\/wp-content\/uploads\/2026\/01\/1200x675-bionbax.jpg\" \/>\n\t<meta property=\"og:image:width\" content=\"1200\" \/>\n\t<meta property=\"og:image:height\" content=\"675\" \/>\n\t<meta property=\"og:image:type\" content=\"image\/jpeg\" \/>\n<meta name=\"twitter:card\" content=\"summary_large_image\" \/>\n<script type=\"application\/ld+json\" class=\"yoast-schema-graph\">{\"@context\":\"https:\/\/schema.org\",\"@graph\":[{\"@type\":\"WebPage\",\"@id\":\"https:\/\/bionbax.com\/productos\/\",\"url\":\"https:\/\/bionbax.com\/productos\/\",\"name\":\"Productos - BIONBAX\",\"isPartOf\":{\"@id\":\"https:\/\/bionbax.com\/#website\"},\"datePublished\":\"2026-01-09T18:53:58+00:00\",\"dateModified\":\"2026-01-15T18:15:36+00:00\",\"breadcrumb\":{\"@id\":\"https:\/\/bionbax.com\/productos\/#breadcrumb\"},\"inLanguage\":\"en-US\",\"potentialAction\":[{\"@type\":\"ReadAction\",\"target\":[\"https:\/\/bionbax.com\/productos\/\"]}]},{\"@type\":\"BreadcrumbList\",\"@id\":\"https:\/\/bionbax.com\/productos\/#breadcrumb\",\"itemListElement\":[{\"@type\":\"ListItem\",\"position\":1,\"name\":\"Portada\",\"item\":\"https:\/\/bionbax.com\/\"},{\"@type\":\"ListItem\",\"position\":2,\"name\":\"Productos\"}]},{\"@type\":\"WebSite\",\"@id\":\"https:\/\/bionbax.com\/#website\",\"url\":\"https:\/\/bionbax.com\/\",\"name\":\"BIONBAX\",\"description\":\"Empresa de biotecnolog\u00eda aplicada dedicada al desarrollo y producci\u00f3n de PHB (Polihidroxibutirato)\",\"publisher\":{\"@id\":\"https:\/\/bionbax.com\/#organization\"},\"potentialAction\":[{\"@type\":\"SearchAction\",\"target\":{\"@type\":\"EntryPoint\",\"urlTemplate\":\"https:\/\/bionbax.com\/?s={search_term_string}\"},\"query-input\":{\"@type\":\"PropertyValueSpecification\",\"valueRequired\":true,\"valueName\":\"search_term_string\"}}],\"inLanguage\":\"en-US\"},{\"@type\":\"Organization\",\"@id\":\"https:\/\/bionbax.com\/#organization\",\"name\":\"BIONBAX\",\"url\":\"https:\/\/bionbax.com\/\",\"logo\":{\"@type\":\"ImageObject\",\"inLanguage\":\"en-US\",\"@id\":\"https:\/\/bionbax.com\/#\/schema\/logo\/image\/\",\"url\":\"https:\/\/bionbax.com\/wp-content\/uploads\/2026\/01\/Logo-BIONBAX-Vertical-2.webp\",\"contentUrl\":\"https:\/\/bionbax.com\/wp-content\/uploads\/2026\/01\/Logo-BIONBAX-Vertical-2.webp\",\"width\":383,\"height\":361,\"caption\":\"BIONBAX\"},\"image\":{\"@id\":\"https:\/\/bionbax.com\/#\/schema\/logo\/image\/\"},\"sameAs\":[\"https:\/\/www.facebook.com\/bionbax\",\"https:\/\/www.instagram.com\/bionbax\",\"https:\/\/www.linkedin.com\/company\/bionbax\"]}]}<\/script>\n<!-- \/ Yoast SEO plugin. -->","yoast_head_json":{"title":"Productos - BIONBAX","robots":{"index":"index","follow":"follow","max-snippet":"max-snippet:-1","max-image-preview":"max-image-preview:large","max-video-preview":"max-video-preview:-1"},"canonical":"https:\/\/bionbax.com\/en\/productos\/","og_locale":"en_US","og_type":"article","og_title":"Productos - BIONBAX","og_description":"ProductosComponentes Biodegradables para una transici\u00f3n responsableCAS 26063-00-3Pr\u00f3ximamentePr\u00f3ximamentePr\u00f3ximamentePr\u00f3ximamenteIntroducci\u00f3nLos pol\u00edmeros biodegradables son materiales polim\u00e9ricos capaces de ser degradados o digeridos por enzimas en organismos vivos; las mol\u00e9culas peque\u00f1as resultantes pueden ser absorbidas por el propio organismo y, posteriormente, excretadas. Los pol\u00edmeros biodegradables pueden ser tanto sint\u00e9ticos como naturales y comparten una caracter\u00edstica com\u00fan: todos son fundamentalmente estables [&hellip;]","og_url":"https:\/\/bionbax.com\/en\/productos\/","og_site_name":"BIONBAX","article_publisher":"https:\/\/www.facebook.com\/bionbax","article_modified_time":"2026-01-15T18:15:36+00:00","og_image":[{"width":1200,"height":675,"url":"https:\/\/bionbax.com\/wp-content\/uploads\/2026\/01\/1200x675-bionbax.jpg","type":"image\/jpeg"}],"twitter_card":"summary_large_image","schema":{"@context":"https:\/\/schema.org","@graph":[{"@type":"WebPage","@id":"https:\/\/bionbax.com\/productos\/","url":"https:\/\/bionbax.com\/productos\/","name":"Productos - BIONBAX","isPartOf":{"@id":"https:\/\/bionbax.com\/#website"},"datePublished":"2026-01-09T18:53:58+00:00","dateModified":"2026-01-15T18:15:36+00:00","breadcrumb":{"@id":"https:\/\/bionbax.com\/productos\/#breadcrumb"},"inLanguage":"en-US","potentialAction":[{"@type":"ReadAction","target":["https:\/\/bionbax.com\/productos\/"]}]},{"@type":"BreadcrumbList","@id":"https:\/\/bionbax.com\/productos\/#breadcrumb","itemListElement":[{"@type":"ListItem","position":1,"name":"Portada","item":"https:\/\/bionbax.com\/"},{"@type":"ListItem","position":2,"name":"Productos"}]},{"@type":"WebSite","@id":"https:\/\/bionbax.com\/#website","url":"https:\/\/bionbax.com\/","name":"BIONBAX","description":"Empresa de biotecnolog\u00eda aplicada dedicada al desarrollo y producci\u00f3n de PHB (Polihidroxibutirato)","publisher":{"@id":"https:\/\/bionbax.com\/#organization"},"potentialAction":[{"@type":"SearchAction","target":{"@type":"EntryPoint","urlTemplate":"https:\/\/bionbax.com\/?s={search_term_string}"},"query-input":{"@type":"PropertyValueSpecification","valueRequired":true,"valueName":"search_term_string"}}],"inLanguage":"en-US"},{"@type":"Organization","@id":"https:\/\/bionbax.com\/#organization","name":"BIONBAX","url":"https:\/\/bionbax.com\/","logo":{"@type":"ImageObject","inLanguage":"en-US","@id":"https:\/\/bionbax.com\/#\/schema\/logo\/image\/","url":"https:\/\/bionbax.com\/wp-content\/uploads\/2026\/01\/Logo-BIONBAX-Vertical-2.webp","contentUrl":"https:\/\/bionbax.com\/wp-content\/uploads\/2026\/01\/Logo-BIONBAX-Vertical-2.webp","width":383,"height":361,"caption":"BIONBAX"},"image":{"@id":"https:\/\/bionbax.com\/#\/schema\/logo\/image\/"},"sameAs":["https:\/\/www.facebook.com\/bionbax","https:\/\/www.instagram.com\/bionbax","https:\/\/www.linkedin.com\/company\/bionbax"]}]}},"_links":{"self":[{"href":"https:\/\/bionbax.com\/en\/wp-json\/wp\/v2\/pages\/229","targetHints":{"allow":["GET"]}}],"collection":[{"href":"https:\/\/bionbax.com\/en\/wp-json\/wp\/v2\/pages"}],"about":[{"href":"https:\/\/bionbax.com\/en\/wp-json\/wp\/v2\/types\/page"}],"author":[{"embeddable":true,"href":"https:\/\/bionbax.com\/en\/wp-json\/wp\/v2\/users\/2"}],"replies":[{"embeddable":true,"href":"https:\/\/bionbax.com\/en\/wp-json\/wp\/v2\/comments?post=229"}],"version-history":[{"count":17,"href":"https:\/\/bionbax.com\/en\/wp-json\/wp\/v2\/pages\/229\/revisions"}],"predecessor-version":[{"id":462,"href":"https:\/\/bionbax.com\/en\/wp-json\/wp\/v2\/pages\/229\/revisions\/462"}],"wp:attachment":[{"href":"https:\/\/bionbax.com\/en\/wp-json\/wp\/v2\/media?parent=229"}],"curies":[{"name":"wp","href":"https:\/\/api.w.org\/{rel}","templated":true}]}}