{"id":232,"date":"2026-01-09T18:55:52","date_gmt":"2026-01-09T18:55:52","guid":{"rendered":"https:\/\/bionbax.com\/?page_id=232"},"modified":"2026-01-15T18:16:57","modified_gmt":"2026-01-15T18:16:57","slug":"servicios","status":"publish","type":"page","link":"https:\/\/bionbax.com\/en\/servicios\/","title":{"rendered":"Services"},"content":{"rendered":"<p>[et_pb_section fb_built=&#8221;1&#8243; _builder_version=&#8221;4.27.5&#8243; _module_preset=&#8221;default&#8221; background_image=&#8221;https:\/\/bionbax.com\/wp-content\/uploads\/2024\/05\/DJI_0088-1-scaled.jpg&#8221; custom_padding=&#8221;170px||170px||true|&#8221; global_colors_info=&#8221;{}&#8221;][\/et_pb_section][et_pb_section fb_built=&#8221;1&#8243; _builder_version=&#8221;4.27.5&#8243; _module_preset=&#8221;default&#8221; custom_padding=&#8221;42px|||||&#8221; global_colors_info=&#8221;{}&#8221;][et_pb_row _builder_version=&#8221;4.27.5&#8243; _module_preset=&#8221;default&#8221; custom_padding=&#8221;||0px|||&#8221; global_colors_info=&#8221;{}&#8221;][et_pb_column type=&#8221;4_4&#8243; _builder_version=&#8221;4.27.5&#8243; _module_preset=&#8221;default&#8221; global_colors_info=&#8221;{}&#8221;][et_pb_text _builder_version=&#8221;4.27.5&#8243; _module_preset=&#8221;default&#8221; text_font=&#8221;||||||||&#8221; header_font=&#8221;||||||||&#8221; header_2_font=&#8221;||||||||&#8221; header_2_text_align=&#8221;left&#8221; header_2_font_size=&#8221;50px&#8221; header_2_line_height=&#8221;1.3em&#8221; custom_margin=&#8221;||-12px||false|false&#8221; custom_padding=&#8221;||0px||false|false&#8221; animation_direction=&#8221;left&#8221; hover_enabled=&#8221;0&#8243; header_2_font_size_tablet=&#8221;40px&#8221; header_2_font_size_phone=&#8221;30px&#8221; header_2_font_size_last_edited=&#8221;on|phone&#8221; global_colors_info=&#8221;{}&#8221; sticky_enabled=&#8221;0&#8243; custom_margin_last_edited=&#8221;on|phone&#8221; custom_margin_phone=&#8221;||-25px||false|false&#8221; custom_margin_tablet=&#8221;||-12px||false|false&#8221;]<\/p>\n<h2>SERVICIOS<\/h2>\n<p>[\/et_pb_text][\/et_pb_column][\/et_pb_row][et_pb_row _builder_version=&#8221;4.27.5&#8243; _module_preset=&#8221;default&#8221; global_colors_info=&#8221;{}&#8221;][et_pb_column type=&#8221;4_4&#8243; _builder_version=&#8221;4.27.5&#8243; _module_preset=&#8221;default&#8221; global_colors_info=&#8221;{}&#8221;][et_pb_text _builder_version=&#8221;4.27.5&#8243; _module_preset=&#8221;default&#8221; text_font=&#8221;||||||||&#8221; text_text_color=&#8221;#000000&#8243; text_font_size=&#8221;19px&#8221; text_line_height=&#8221;1.6em&#8221; header_font=&#8221;||||||||&#8221; header_2_font=&#8221;||||||||&#8221; animation_direction=&#8221;left&#8221; hover_enabled=&#8221;0&#8243; text_font_size_tablet=&#8221;19px&#8221; text_font_size_phone=&#8221;17px&#8221; text_font_size_last_edited=&#8221;on|phone&#8221; text_line_height_tablet=&#8221;2.2em&#8221; text_line_height_phone=&#8221;1.9em&#8221; text_line_height_last_edited=&#8221;on|phone&#8221; global_colors_info=&#8221;{}&#8221; sticky_enabled=&#8221;0&#8243;]<\/p>\n<p>At BIONBAX we specialize in the development of innovative products based on Biotechnology.<br \/>Adem\u00e1s de producir en nuestra planta, brindamos los siguientes Servicios:<\/p>\n<ul>\n<li>Laboratorio<\/li>\n<li>Investigaci\u00f3n<\/li>\n<li>Desarrollo de nuevas tecnolog\u00edas<\/li>\n<li>Producci\u00f3n Escala piloto para terceros<\/li>\n<\/ul>\n<p>[\/et_pb_text][et_pb_video src=&#8221;https:\/\/www.youtube.com\/watch?v=Mhfr-eNGQrk&#8221; image_src=&#8221;\/\/i.ytimg.com\/vi\/vzPCY8WVW3w\/hqdefault.jpg&#8221; _builder_version=&#8221;4.27.5&#8243; _module_preset=&#8221;default&#8221; border_radii=&#8221;on|20px|20px|20px|20px&#8221; global_colors_info=&#8221;{}&#8221;][\/et_pb_video][\/et_pb_column][\/et_pb_row][\/et_pb_section][et_pb_section fb_built=&#8221;1&#8243; _builder_version=&#8221;4.27.5&#8243; _module_preset=&#8221;default&#8221; background_color=&#8221;#ededed&#8221; global_colors_info=&#8221;{}&#8221;][et_pb_row column_structure=&#8221;1_2,1_2&#8243; _builder_version=&#8221;4.27.5&#8243; _module_preset=&#8221;default&#8221; global_colors_info=&#8221;{}&#8221;][et_pb_column type=&#8221;1_2&#8243; _builder_version=&#8221;4.27.5&#8243; _module_preset=&#8221;default&#8221; global_colors_info=&#8221;{}&#8221;][et_pb_image src=&#8221;https:\/\/bionbax.com\/wp-content\/uploads\/2024\/05\/WhatsApp-Image-2024-04-18-at-17.02.25.jpg&#8221; title_text=&#8221;WhatsApp Image 2024-04-18 at 17.02.25&#8243; _builder_version=&#8221;4.27.5&#8243; _module_preset=&#8221;default&#8221; border_radii=&#8221;on|20px|20px|20px|20px&#8221; global_colors_info=&#8221;{}&#8221;][\/et_pb_image][\/et_pb_column][et_pb_column type=&#8221;1_2&#8243; _builder_version=&#8221;4.27.5&#8243; _module_preset=&#8221;default&#8221; global_colors_info=&#8221;{}&#8221;][et_pb_image src=&#8221;https:\/\/bionbax.com\/wp-content\/uploads\/2026\/01\/Biofermentadores-BIONBAX-e1768490698787.jpeg&#8221; title_text=&#8221;Biofermentadores BIONBAX&#8221; _builder_version=&#8221;4.27.5&#8243; _module_preset=&#8221;default&#8221; border_radii=&#8221;on|20px|20px|20px|20px&#8221; global_colors_info=&#8221;{}&#8221;][\/et_pb_image][\/et_pb_column][\/et_pb_row][\/et_pb_section]<\/p>","protected":false},"excerpt":{"rendered":"<p>SERVICIOSEn BIONBAX nos especializamos en el desarrollo de productos innovadores basados en Biotecnolog\u00eda.Adem\u00e1s de producir en nuestra planta, brindamos los siguientes Servicios: Laboratorio Investigaci\u00f3n Desarrollo de nuevas tecnolog\u00edas Producci\u00f3n Escala piloto para terceros<\/p>","protected":false},"author":2,"featured_media":0,"parent":0,"menu_order":0,"comment_status":"closed","ping_status":"closed","template":"","meta":{"_et_pb_use_builder":"on","_et_pb_old_content":"","_et_gb_content_width":"","footnotes":""},"class_list":["post-232","page","type-page","status-publish","hentry"],"yoast_head":"<!-- This site is optimized with the Yoast SEO plugin v26.7 - https:\/\/yoast.com\/wordpress\/plugins\/seo\/ -->\n<title>Servicios - BIONBAX<\/title>\n<meta name=\"robots\" content=\"index, follow, max-snippet:-1, max-image-preview:large, max-video-preview:-1\" \/>\n<link rel=\"canonical\" href=\"https:\/\/bionbax.com\/en\/servicios\/\" \/>\n<meta property=\"og:locale\" content=\"en_US\" \/>\n<meta property=\"og:type\" content=\"article\" \/>\n<meta property=\"og:title\" content=\"Servicios - BIONBAX\" \/>\n<meta property=\"og:description\" content=\"SERVICIOSEn BIONBAX nos especializamos en el desarrollo de productos innovadores basados en Biotecnolog\u00eda.Adem\u00e1s de producir en nuestra planta, brindamos los siguientes Servicios: Laboratorio Investigaci\u00f3n Desarrollo de nuevas tecnolog\u00edas Producci\u00f3n Escala piloto para terceros\" \/>\n<meta property=\"og:url\" content=\"https:\/\/bionbax.com\/en\/servicios\/\" \/>\n<meta property=\"og:site_name\" content=\"BIONBAX\" \/>\n<meta property=\"article:publisher\" content=\"https:\/\/www.facebook.com\/bionbax\" \/>\n<meta property=\"article:modified_time\" content=\"2026-01-15T18:16:57+00:00\" \/>\n<meta property=\"og:image\" content=\"https:\/\/bionbax.com\/wp-content\/uploads\/2026\/01\/1200x675-bionbax.jpg\" \/>\n\t<meta property=\"og:image:width\" content=\"1200\" \/>\n\t<meta property=\"og:image:height\" content=\"675\" \/>\n\t<meta property=\"og:image:type\" content=\"image\/jpeg\" \/>\n<meta name=\"twitter:card\" content=\"summary_large_image\" \/>\n<script type=\"application\/ld+json\" class=\"yoast-schema-graph\">{\"@context\":\"https:\/\/schema.org\",\"@graph\":[{\"@type\":\"WebPage\",\"@id\":\"https:\/\/bionbax.com\/servicios\/\",\"url\":\"https:\/\/bionbax.com\/servicios\/\",\"name\":\"Servicios - BIONBAX\",\"isPartOf\":{\"@id\":\"https:\/\/bionbax.com\/#website\"},\"datePublished\":\"2026-01-09T18:55:52+00:00\",\"dateModified\":\"2026-01-15T18:16:57+00:00\",\"breadcrumb\":{\"@id\":\"https:\/\/bionbax.com\/servicios\/#breadcrumb\"},\"inLanguage\":\"en-US\",\"potentialAction\":[{\"@type\":\"ReadAction\",\"target\":[\"https:\/\/bionbax.com\/servicios\/\"]}]},{\"@type\":\"BreadcrumbList\",\"@id\":\"https:\/\/bionbax.com\/servicios\/#breadcrumb\",\"itemListElement\":[{\"@type\":\"ListItem\",\"position\":1,\"name\":\"Portada\",\"item\":\"https:\/\/bionbax.com\/\"},{\"@type\":\"ListItem\",\"position\":2,\"name\":\"Servicios\"}]},{\"@type\":\"WebSite\",\"@id\":\"https:\/\/bionbax.com\/#website\",\"url\":\"https:\/\/bionbax.com\/\",\"name\":\"BIONBAX\",\"description\":\"Empresa de biotecnolog\u00eda aplicada dedicada al desarrollo y producci\u00f3n de PHB (Polihidroxibutirato)\",\"publisher\":{\"@id\":\"https:\/\/bionbax.com\/#organization\"},\"potentialAction\":[{\"@type\":\"SearchAction\",\"target\":{\"@type\":\"EntryPoint\",\"urlTemplate\":\"https:\/\/bionbax.com\/?s={search_term_string}\"},\"query-input\":{\"@type\":\"PropertyValueSpecification\",\"valueRequired\":true,\"valueName\":\"search_term_string\"}}],\"inLanguage\":\"en-US\"},{\"@type\":\"Organization\",\"@id\":\"https:\/\/bionbax.com\/#organization\",\"name\":\"BIONBAX\",\"url\":\"https:\/\/bionbax.com\/\",\"logo\":{\"@type\":\"ImageObject\",\"inLanguage\":\"en-US\",\"@id\":\"https:\/\/bionbax.com\/#\/schema\/logo\/image\/\",\"url\":\"https:\/\/bionbax.com\/wp-content\/uploads\/2026\/01\/Logo-BIONBAX-Vertical-2.webp\",\"contentUrl\":\"https:\/\/bionbax.com\/wp-content\/uploads\/2026\/01\/Logo-BIONBAX-Vertical-2.webp\",\"width\":383,\"height\":361,\"caption\":\"BIONBAX\"},\"image\":{\"@id\":\"https:\/\/bionbax.com\/#\/schema\/logo\/image\/\"},\"sameAs\":[\"https:\/\/www.facebook.com\/bionbax\",\"https:\/\/www.instagram.com\/bionbax\",\"https:\/\/www.linkedin.com\/company\/bionbax\"]}]}<\/script>\n<!-- \/ Yoast SEO plugin. -->","yoast_head_json":{"title":"Servicios - BIONBAX","robots":{"index":"index","follow":"follow","max-snippet":"max-snippet:-1","max-image-preview":"max-image-preview:large","max-video-preview":"max-video-preview:-1"},"canonical":"https:\/\/bionbax.com\/en\/servicios\/","og_locale":"en_US","og_type":"article","og_title":"Servicios - BIONBAX","og_description":"SERVICIOSEn BIONBAX nos especializamos en el desarrollo de productos innovadores basados en Biotecnolog\u00eda.Adem\u00e1s de producir en nuestra planta, brindamos los siguientes Servicios: Laboratorio Investigaci\u00f3n Desarrollo de nuevas tecnolog\u00edas Producci\u00f3n Escala piloto para terceros","og_url":"https:\/\/bionbax.com\/en\/servicios\/","og_site_name":"BIONBAX","article_publisher":"https:\/\/www.facebook.com\/bionbax","article_modified_time":"2026-01-15T18:16:57+00:00","og_image":[{"width":1200,"height":675,"url":"https:\/\/bionbax.com\/wp-content\/uploads\/2026\/01\/1200x675-bionbax.jpg","type":"image\/jpeg"}],"twitter_card":"summary_large_image","schema":{"@context":"https:\/\/schema.org","@graph":[{"@type":"WebPage","@id":"https:\/\/bionbax.com\/servicios\/","url":"https:\/\/bionbax.com\/servicios\/","name":"Servicios - BIONBAX","isPartOf":{"@id":"https:\/\/bionbax.com\/#website"},"datePublished":"2026-01-09T18:55:52+00:00","dateModified":"2026-01-15T18:16:57+00:00","breadcrumb":{"@id":"https:\/\/bionbax.com\/servicios\/#breadcrumb"},"inLanguage":"en-US","potentialAction":[{"@type":"ReadAction","target":["https:\/\/bionbax.com\/servicios\/"]}]},{"@type":"BreadcrumbList","@id":"https:\/\/bionbax.com\/servicios\/#breadcrumb","itemListElement":[{"@type":"ListItem","position":1,"name":"Portada","item":"https:\/\/bionbax.com\/"},{"@type":"ListItem","position":2,"name":"Servicios"}]},{"@type":"WebSite","@id":"https:\/\/bionbax.com\/#website","url":"https:\/\/bionbax.com\/","name":"BIONBAX","description":"Empresa de biotecnolog\u00eda aplicada dedicada al desarrollo y producci\u00f3n de PHB (Polihidroxibutirato)","publisher":{"@id":"https:\/\/bionbax.com\/#organization"},"potentialAction":[{"@type":"SearchAction","target":{"@type":"EntryPoint","urlTemplate":"https:\/\/bionbax.com\/?s={search_term_string}"},"query-input":{"@type":"PropertyValueSpecification","valueRequired":true,"valueName":"search_term_string"}}],"inLanguage":"en-US"},{"@type":"Organization","@id":"https:\/\/bionbax.com\/#organization","name":"BIONBAX","url":"https:\/\/bionbax.com\/","logo":{"@type":"ImageObject","inLanguage":"en-US","@id":"https:\/\/bionbax.com\/#\/schema\/logo\/image\/","url":"https:\/\/bionbax.com\/wp-content\/uploads\/2026\/01\/Logo-BIONBAX-Vertical-2.webp","contentUrl":"https:\/\/bionbax.com\/wp-content\/uploads\/2026\/01\/Logo-BIONBAX-Vertical-2.webp","width":383,"height":361,"caption":"BIONBAX"},"image":{"@id":"https:\/\/bionbax.com\/#\/schema\/logo\/image\/"},"sameAs":["https:\/\/www.facebook.com\/bionbax","https:\/\/www.instagram.com\/bionbax","https:\/\/www.linkedin.com\/company\/bionbax"]}]}},"_links":{"self":[{"href":"https:\/\/bionbax.com\/en\/wp-json\/wp\/v2\/pages\/232","targetHints":{"allow":["GET"]}}],"collection":[{"href":"https:\/\/bionbax.com\/en\/wp-json\/wp\/v2\/pages"}],"about":[{"href":"https:\/\/bionbax.com\/en\/wp-json\/wp\/v2\/types\/page"}],"author":[{"embeddable":true,"href":"https:\/\/bionbax.com\/en\/wp-json\/wp\/v2\/users\/2"}],"replies":[{"embeddable":true,"href":"https:\/\/bionbax.com\/en\/wp-json\/wp\/v2\/comments?post=232"}],"version-history":[{"count":9,"href":"https:\/\/bionbax.com\/en\/wp-json\/wp\/v2\/pages\/232\/revisions"}],"predecessor-version":[{"id":464,"href":"https:\/\/bionbax.com\/en\/wp-json\/wp\/v2\/pages\/232\/revisions\/464"}],"wp:attachment":[{"href":"https:\/\/bionbax.com\/en\/wp-json\/wp\/v2\/media?parent=232"}],"curies":[{"name":"wp","href":"https:\/\/api.w.org\/{rel}","templated":true}]}}